{"id":71,"date":"2021-11-30T03:33:45","date_gmt":"2021-11-30T03:33:45","guid":{"rendered":"http:\/\/dvs.mx\/site\/?page_id=71"},"modified":"2021-12-02T16:16:50","modified_gmt":"2021-12-02T16:16:50","slug":"conoce-dvs","status":"publish","type":"page","link":"https:\/\/dvs.mx\/site\/conoce-dvs\/","title":{"rendered":"Conoce DVS"},"content":{"rendered":"<p>[et_pb_section fb_built=\u00bb1&#8243; fullwidth=\u00bbon\u00bb admin_label=\u00bbHero Section\u00bb _builder_version=\u00bb3.22&#8243; global_colors_info=\u00bb{}\u00bb][et_pb_fullwidth_header subhead=\u00bbconoce dvs\u00bb background_overlay_color=\u00bbrgba(0,0,0,0.8)\u00bb content_max_width=\u00bb550px\u00bb _builder_version=\u00bb4.14.2&#8243; title_font=\u00bbPoppins|700||on|||||\u00bb title_text_color=\u00bb#edbb5f\u00bb title_font_size=\u00bb14px\u00bb title_letter_spacing=\u00bb2px\u00bb title_line_height=\u00bb1.4em\u00bb content_font=\u00bbPoppins||||||||\u00bb content_font_size=\u00bb16px\u00bb content_letter_spacing=\u00bb1px\u00bb content_line_height=\u00bb2em\u00bb subhead_font=\u00bbPoppins|700||on|||||\u00bb subhead_font_size=\u00bb48px\u00bb subhead_letter_spacing=\u00bb3px\u00bb subhead_line_height=\u00bb1.4em\u00bb background_color=\u00bbrgba(255, 255, 255, 0)\u00bb background_image=\u00bbhttps:\/\/dvs.mx\/site\/wp-content\/uploads\/2021\/11\/consultant-11.jpg\u00bb parallax=\u00bbon\u00bb parallax_method=\u00bbon\u00bb custom_button_one=\u00bbon\u00bb button_one_border_width=\u00bb1px\u00bb button_one_border_color=\u00bbrgba(255,255,255,0.3)\u00bb button_one_border_radius=\u00bb0px\u00bb button_one_letter_spacing=\u00bb1px\u00bb button_one_font=\u00bbSaira Extra Condensed|600||on|||||\u00bb button_one_icon=\u00bb&#x24;||divi||400&#8243; button_one_icon_color=\u00bb#edbb5f\u00bb custom_button_two=\u00bbon\u00bb button_two_border_width=\u00bb1px\u00bb button_two_border_color=\u00bbrgba(255,255,255,0.3)\u00bb button_two_border_radius=\u00bb0px\u00bb button_two_letter_spacing=\u00bb1px\u00bb button_two_font=\u00bbSaira Extra Condensed|600||on|||||\u00bb button_two_icon=\u00bb&#x24;||divi||400&#8243; button_two_icon_color=\u00bb#edbb5f\u00bb module_alignment=\u00bbright\u00bb custom_margin=\u00bb|||\u00bb custom_padding=\u00bb8%||260px|\u00bb custom_padding_tablet=\u00bb8%||130px||false|false\u00bb custom_padding_phone=\u00bb||80px||false|false\u00bb custom_padding_last_edited=\u00bbon|phone\u00bb hover_enabled=\u00bb0&#8243; button_one_text_color_hover=\u00bb#edbb5f\u00bb button_two_text_color_hover=\u00bb#edbb5f\u00bb button_one_bg_color_hover=\u00bbrgba(0,0,0,0)\u00bb button_two_bg_color_hover=\u00bbrgba(0,0,0,0)\u00bb global_colors_info=\u00bb{}\u00bb button_one_text_size__hover_enabled=\u00bboff\u00bb button_two_text_size__hover_enabled=\u00bboff\u00bb button_one_text_color__hover_enabled=\u00bbon\u00bb button_one_text_color__hover=\u00bb#edbb5f\u00bb button_two_text_color__hover_enabled=\u00bbon\u00bb button_two_text_color__hover=\u00bb#edbb5f\u00bb button_one_border_width__hover_enabled=\u00bboff\u00bb button_two_border_width__hover_enabled=\u00bboff\u00bb button_one_border_color__hover_enabled=\u00bboff\u00bb button_two_border_color__hover_enabled=\u00bboff\u00bb button_one_border_radius__hover_enabled=\u00bboff\u00bb button_two_border_radius__hover_enabled=\u00bboff\u00bb button_one_letter_spacing__hover_enabled=\u00bboff\u00bb button_two_letter_spacing__hover_enabled=\u00bboff\u00bb button_one_bg_color__hover_enabled=\u00bbon\u00bb button_one_bg_color__hover=\u00bbrgba(0,0,0,0)\u00bb button_two_bg_color__hover_enabled=\u00bbon\u00bb button_two_bg_color__hover=\u00bbrgba(0,0,0,0)\u00bb subhead_font_size_last_edited=\u00bbon|phone\u00bb subhead_font_size_phone=\u00bb30px\u00bb sticky_enabled=\u00bb0&#8243; subhead_font_size_tablet=\u00bb48px\u00bb]<\/p>\n<p>&nbsp;<\/p>\n<p>&nbsp;<\/p>\n<p>[\/et_pb_fullwidth_header][\/et_pb_section][et_pb_section fb_built=\u00bb1&#8243; admin_label=\u00bbAttributes\u00bb _builder_version=\u00bb3.22&#8243; custom_margin=\u00bb|||\u00bb custom_padding=\u00bb0px|0px|100px|0px\u00bb global_colors_info=\u00bb{}\u00bb][et_pb_row use_custom_gutter=\u00bbon\u00bb gutter_width=\u00bb1&#8243; _builder_version=\u00bb3.25&#8243; background_color=\u00bb#ffffff\u00bb max_width=\u00bb1440px\u00bb custom_margin=\u00bb|||\u00bb custom_padding=\u00bb27px|0px|0px|0px\u00bb box_shadow_style=\u00bbpreset3&#8243; box_shadow_vertical=\u00bb15px\u00bb box_shadow_blur=\u00bb80px\u00bb box_shadow_color=\u00bbrgba(0,0,0,0.15)\u00bb use_custom_width=\u00bbon\u00bb custom_width_px=\u00bb1440px\u00bb global_colors_info=\u00bb{}\u00bb][et_pb_column type=\u00bb4_4&#8243; _builder_version=\u00bb3.25&#8243; custom_padding=\u00bb|||\u00bb global_colors_info=\u00bb{}\u00bb custom_padding__hover=\u00bb|||\u00bb][et_pb_text _builder_version=\u00bb4.14.2&#8243; text_font=\u00bbPoppins||||||||\u00bb text_text_color=\u00bb#3D3D3D\u00bb header_font=\u00bb||||||||\u00bb header_3_font=\u00bbPoppins|600||on|||||\u00bb header_3_line_height=\u00bb1.4em\u00bb background_color=\u00bb#ffffff\u00bb custom_margin=\u00bb-100px|||\u00bb custom_padding=\u00bb60px|40px|60px|40px|true|true\u00bb custom_padding_tablet=\u00bb30px|30px|30px|30px|true|true\u00bb custom_padding_phone=\u00bb20px|20px|20px|20px|true|true\u00bb custom_padding_last_edited=\u00bbon|phone\u00bb hover_enabled=\u00bb0&#8243; border_color_all=\u00bbrgba(51,51,51,0.06)\u00bb border_width_right=\u00bb1px\u00bb border_width_left=\u00bb1px\u00bb locked=\u00bboff\u00bb global_colors_info=\u00bb{}\u00bb sticky_enabled=\u00bb0&#8243;]<\/p>\n<h3>Historia<\/h3>\n<p>DVS de M\u00e9xico S.C Inicia operaciones 2008 con un grupo de\u00a0 profesionistas ante la demanda y necesidad de apoyo a empresas mexicanas en servicios de Consultor\u00eda en Calidad y Capacitaci\u00f3n Empresarial. Llevando a la certificaci\u00f3n, asesorando y capacitando a clientes como Grupo Modelo, Gobierno del Edo. De Tabasco, Proveedores de CFE \u2013 EMISA, Divisiones de la Universidad de Guanajuato, Secretar\u00eda de Salud del Edo de Qro, Tehiba, Carcustics -Automotriz, Secretar\u00eda de Desarrollo Sustentable del Municipio de Quer\u00e9taro, Vesco Energy S.A de C.V, BChemicals, Club Campestre Irapuato, American Screw, entre otras y difundiendo metodolog\u00edas que garantizan\u00a0la calidad de los productos y servicios.<\/p>\n<p>En el a\u00f1o 2010 DVS da un paso m\u00e1s en su crecimiento administrativo al consolidarse, abriendo su panorama profesional y comenzando a laborar en proyectos cada vez m\u00e1s ambiciosos con resultados favorables\u00a0 y ahorros para nuestros clientes.<\/p>\n<p>Para enero de 2014 inicia una nueva etapa para la empresa con\u00a0las cinco divisiones operacionales\u00a0con las cuales se planea ofrecer una carpeta de servicios m\u00e1s amplia \u00a0y mejoras para la calidad de sistemas de trabajo en nuevos\u00a0 sectores.<\/p>\n<p>[\/et_pb_text][\/et_pb_column][\/et_pb_row][\/et_pb_section][et_pb_section fb_built=\u00bb1&#8243; admin_label=\u00bbTeam\u00bb _builder_version=\u00bb3.22&#8243; background_color=\u00bb#282828&#8243; custom_padding=\u00bb100px|0px|99px|0px\u00bb global_colors_info=\u00bb{}\u00bb][et_pb_row _builder_version=\u00bb3.25&#8243; custom_padding=\u00bb27px|0px|27px|0px\u00bb global_colors_info=\u00bb{}\u00bb][et_pb_column type=\u00bb4_4&#8243; _builder_version=\u00bb3.25&#8243; custom_padding=\u00bb|||\u00bb global_colors_info=\u00bb{}\u00bb custom_padding__hover=\u00bb|||\u00bb][et_pb_text _builder_version=\u00bb4.14.2&#8243; text_font=\u00bb||||||||\u00bb header_font=\u00bb||||||||\u00bb header_2_font=\u00bbPoppins|700|||||||\u00bb header_2_font_size=\u00bb38px\u00bb header_2_letter_spacing=\u00bb1px\u00bb header_2_line_height=\u00bb1.4em\u00bb header_3_font=\u00bbPoppins|700||on|||||\u00bb header_3_text_color=\u00bb#edbb5f\u00bb header_3_font_size=\u00bb14px\u00bb header_3_letter_spacing=\u00bb1px\u00bb header_3_line_height=\u00bb2em\u00bb text_orientation=\u00bbcenter\u00bb background_layout=\u00bbdark\u00bb max_width=\u00bb7000px\u00bb hover_enabled=\u00bb0&#8243; locked=\u00bboff\u00bb global_colors_info=\u00bb{}\u00bb header_2_font_size_last_edited=\u00bbon|phone\u00bb header_2_font_size_phone=\u00bb30px\u00bb sticky_enabled=\u00bb0&#8243; header_2_font_size_tablet=\u00bb38px\u00bb]<\/p>\n<h2>Trayectoria de DVS<\/h2>\n<p>[\/et_pb_text][dipl_timeline global_timeline_icon_color=\u00bb#911A1D\u00bb _builder_version=\u00bb4.14.2&#8243; _module_preset=\u00bbdefault\u00bb global_colors_info=\u00bb{}\u00bb][dipl_timeline_item timeline_title=\u00bb2007&#8243; _builder_version=\u00bb4.14.2&#8243; _module_preset=\u00bbdefault\u00bb global_timeline_header_level=\u00bbh3&#8243; global_timeline_header_font=\u00bbPoppins||||||||\u00bb global_timeline_header_text_color=\u00bb#911A1D\u00bb global_timeline_text_font=\u00bbPoppins||||||||\u00bb global_timeline_text_text_color=\u00bb#3D3D3D\u00bb hover_enabled=\u00bb0&#8243; border_radii=\u00bboff||50px||\u00bb global_colors_info=\u00bb{}\u00bb global_timeline_text_font_size_last_edited=\u00bbon|phone\u00bb sticky_enabled=\u00bb0&#8243;]<\/p>\n<p>1 a\u00f1o en el Dise\u00f1o del Plan de Negocios DVS y Sistema\u00a0 de\u00a0 Calidad\u00a0 de \u00a0DVS.<\/p>\n<p>[\/dipl_timeline_item][dipl_timeline_item timeline_title=\u00bb2008&#8243; _builder_version=\u00bb4.14.1&#8243; _module_preset=\u00bbdefault\u00bb global_timeline_header_text_color=\u00bb#911A1D\u00bb global_timeline_text_font=\u00bbPoppins||||||||\u00bb global_timeline_text_text_color=\u00bb#3D3D3D\u00bb border_radii=\u00bboff|50px|||\u00bb global_colors_info=\u00bb{}\u00bb]<\/p>\n<p>Inicio de Operaciones y Personal DVS Obtiene Certificaciones en RABQSA.<\/p>\n<p>[\/dipl_timeline_item][dipl_timeline_item timeline_title=\u00bb2009&#8243; _builder_version=\u00bb4.14.1&#8243; _module_preset=\u00bbdefault\u00bb global_timeline_header_text_color=\u00bb#911A1D\u00bb global_timeline_text_text_color=\u00bb#3D3D3D\u00bb border_radii=\u00bboff||50px||\u00bb global_colors_info=\u00bb{}\u00bb]<\/p>\n<p><span>Se logr\u00f3 contribuir\u00a0 con 25 organizaciones en procesos de implementaci\u00f3n de calidad\u00a0 y personal entrenado en universidades.<\/span><\/p>\n<p>[\/dipl_timeline_item][dipl_timeline_item timeline_title=\u00bb2010&#8243; _builder_version=\u00bb4.14.1&#8243; _module_preset=\u00bbdefault\u00bb global_timeline_header_text_color=\u00bb#911A1D\u00bb global_timeline_text_text_color=\u00bb#3D3D3D\u00bb border_radii=\u00bboff|50px|||\u00bb global_colors_info=\u00bb{}\u00bb]<\/p>\n<p><span>Exitoso Reclutamiento de Personal \u2013 Capacitaci\u00f3n de Personal y proyectos concluidos ej.\u00a0 Proyecto de Secretar\u00eda de Salud Edo de\u00a0 Quer\u00e9taro,\u00a0 Secretaria de\u00a0 desarrollo sustentable- Municipio de Quer\u00e9taro etc.<\/span><\/p>\n<p>[\/dipl_timeline_item][dipl_timeline_item timeline_title=\u00bb2011&#8243; _builder_version=\u00bb4.14.1&#8243; _module_preset=\u00bbdefault\u00bb global_timeline_header_text_color=\u00bb#911A1D\u00bb global_timeline_text_text_color=\u00bb#3D3D3D\u00bb border_radii=\u00bboff||50px||\u00bb global_colors_info=\u00bb{}\u00bb]<\/p>\n<p><span>Administraci\u00f3n de Proveedores \u00a0de nuestros clientes por\u00a0 el personal de DVS-\u00a0 Re-localizaci\u00f3n de Proveedores; Kick off\u00a0 en la Metodolog\u00eda\u00a0 COP\u00b4s , logros\u00a0 de\u00a0 ahorros\u00a0 &amp;\u00a0 Certificaciones Ej. EMISA , American Screw etc.<\/span><\/p>\n<p>[\/dipl_timeline_item][dipl_timeline_item timeline_title=\u00bb2012&#8243; _builder_version=\u00bb4.14.1&#8243; _module_preset=\u00bbdefault\u00bb global_timeline_header_text_color=\u00bb#911A1D\u00bb global_timeline_text_text_color=\u00bb#3D3D3D\u00bb border_radii=\u00bboff|50px|||\u00bb global_colors_info=\u00bb{}\u00bb]<\/p>\n<p><span>Contribuci\u00f3n con\u00a0 8 organizaciones en el \u00a0logro de su \u00a0Certificaciones en ISO 9001, ISO 14001 \u00a0 y \u00a0Capacitaciones,\u00a0 Evaluaci\u00f3n de Proveedores de Empaque.<\/span><\/p>\n<p>[\/dipl_timeline_item][dipl_timeline_item timeline_title=\u00bb2013&#8243; _builder_version=\u00bb4.14.1&#8243; _module_preset=\u00bbdefault\u00bb global_timeline_header_text_color=\u00bb#911A1D\u00bb global_timeline_text_text_color=\u00bb#3D3D3D\u00bb border_radii=\u00bboff||50px||\u00bb global_colors_info=\u00bb{}\u00bb]<\/p>\n<p><span>Alianza Estrat\u00e9gica con ATR Organismo de Certificaci\u00f3n y Centro Bushido en desarrollo humano. Proyectos con Tehiba, Club Campestre.<\/span><\/p>\n<p>[\/dipl_timeline_item][dipl_timeline_item timeline_title=\u00bb2014&#8243; _builder_version=\u00bb4.14.1&#8243; _module_preset=\u00bbdefault\u00bb global_timeline_header_text_color=\u00bb#911A1D\u00bb global_timeline_text_text_color=\u00bb#3D3D3D\u00bb border_radii=\u00bboff||||50px\u00bb global_colors_info=\u00bb{}\u00bb]<\/p>\n<p><span>Lanzamiento de \u00a0Servicios en Soluciones Integrales para nuestros clientes \u2013 5 Divisiones \u00a0&amp; p\u00e1gina\u00a0 web oficial\u00a0<\/span><strong><span><a href=\"http:\/\/www.dvs.mx\/\">www.dvs.mx<\/a><\/span><\/strong><span>\u00a0 Inicio de Operaciones en Baj\u00edo;\u00a0 Asignaci\u00f3n de Gerente Comercial Baj\u00edo.<\/span><\/p>\n<p>[\/dipl_timeline_item][\/dipl_timeline][\/et_pb_column][\/et_pb_row][\/et_pb_section][et_pb_section fb_built=\u00bb1&#8243; admin_label=\u00bbVideo\u00bb _builder_version=\u00bb3.22&#8243; custom_padding=\u00bb100px|0px|100px|0px\u00bb global_colors_info=\u00bb{}\u00bb][et_pb_row _builder_version=\u00bb3.25&#8243; global_colors_info=\u00bb{}\u00bb][et_pb_column type=\u00bb4_4&#8243; _builder_version=\u00bb3.25&#8243; custom_padding=\u00bb|||\u00bb global_colors_info=\u00bb{}\u00bb custom_padding__hover=\u00bb|||\u00bb][dipl_tabs fullwidth_tabs=\u00bbon\u00bb _builder_version=\u00bb4.14.2&#8243; _module_preset=\u00bbdefault\u00bb hover_enabled=\u00bb0&#8243; global_colors_info=\u00bb{}\u00bb image_width_last_edited=\u00bbon|phone\u00bb sticky_enabled=\u00bb0&#8243; image_width_phone=\u00bb32px\u00bb][dipl_tabs_item title=\u00bbMisi\u00f3n\u00bb active_tab_background_color=\u00bb#911A1D\u00bb _builder_version=\u00bb4.14.1&#8243; _module_preset=\u00bbdefault\u00bb active_title_text_color=\u00bb#FFFFFF\u00bb title_text_color=\u00bb#3D3D3D\u00bb body_text_text_color=\u00bb#3D3D3D\u00bb global_colors_info=\u00bb{}\u00bb]<\/p>\n<p><span>Contribuir con nuestros clientes a incrementar\u00a0 sus utilidades y niveles de gesti\u00f3n de calidad; brindando\u00a0 valor agregado\u00a0 en la administraci\u00f3n de sus recursos y su cadena de valor, as\u00ed\u00a0 como el cumplimiento a normatividades nacionales \u00a0e internacionales.<\/span><\/p>\n<p>[\/dipl_tabs_item][dipl_tabs_item title=\u00bbVisi\u00f3n\u00bb active_tab_background_color=\u00bb#911A1D\u00bb _builder_version=\u00bb4.14.1&#8243; _module_preset=\u00bbdefault\u00bb active_title_text_color=\u00bb#FFFFFF\u00bb title_text_color=\u00bb#3D3D3D\u00bb body_text_text_color=\u00bb#3D3D3D\u00bb global_colors_info=\u00bb{}\u00bb]<\/p>\n<p><span>Ser el proveedor de Servicios y Soluciones Integrales que asegure el logro de los objetivos de nuestros\u00a0 clientes en sus Sistemas de Operaci\u00f3n y Gesti\u00f3n Organizacional.<\/span><\/p>\n<p>[\/dipl_tabs_item][dipl_tabs_item title=\u00bbValores\u00bb active_tab_background_color=\u00bb#911A1D\u00bb _builder_version=\u00bb4.14.1&#8243; _module_preset=\u00bbdefault\u00bb active_title_text_color=\u00bb#FFFFFF\u00bb title_text_color=\u00bb#3D3D3D\u00bb body_text_text_color=\u00bb#3D3D3D\u00bb global_colors_info=\u00bb{}\u00bb]<\/p>\n<p>Honestidad, Servicio, \u00c9tica, Confidencialidad, Innovaci\u00f3n, Responsabilidad.<\/p>\n<p>[\/dipl_tabs_item][dipl_tabs_item title=\u00bbQui\u00e9nes Somos\u00bb active_tab_background_color=\u00bb#911A1D\u00bb _builder_version=\u00bb4.14.1&#8243; _module_preset=\u00bbdefault\u00bb active_title_text_color=\u00bb#FFFFFF\u00bb title_text_color=\u00bb#3D3D3D\u00bb body_text_text_color=\u00bb#3D3D3D\u00bb global_colors_info=\u00bb{}\u00bb]<\/p>\n<ul>\n<li>Staff DVS est\u00e1 conformado por una red de\u00a0 profesionales, consultores \u00a0y auditores que ofrecen soluciones globales.<\/li>\n<li>Contamos con experiencia\u00a0 en\u00a0\u00a0 auditor\u00eda,\u00a0 administraci\u00f3n de proyectos, consultor\u00eda, asesor\u00eda\u00a0 ejecutiva, compradores\u00a0 (senior\u00a0 buyers), entrenadores, \u00a0customer\u00a0 service- representantes, coordinador de calidad,\u00a0 Gerente\u00a0 de \u00a0Operaciones -Proyectos, Gerente\u00a0 de Comercializaci\u00f3n, Gerente General\u00a0 y IT systems support.<\/li>\n<\/ul>\n<p>[\/dipl_tabs_item][\/dipl_tabs][\/et_pb_column][\/et_pb_row][\/et_pb_section]<\/p>\n","protected":false},"excerpt":{"rendered":"<p>&nbsp; &nbsp;Historia DVS de M\u00e9xico S.C Inicia operaciones 2008 con un grupo de\u00a0 profesionistas ante la demanda y necesidad de apoyo a empresas mexicanas en servicios de Consultor\u00eda en Calidad y Capacitaci\u00f3n Empresarial. Llevando a la certificaci\u00f3n, asesorando y capacitando a clientes como Grupo Modelo, Gobierno del Edo. De Tabasco, Proveedores de CFE \u2013 EMISA, [&hellip;]<\/p>\n","protected":false},"author":2,"featured_media":0,"parent":0,"menu_order":0,"comment_status":"closed","ping_status":"closed","template":"","meta":{"_et_pb_use_builder":"on","_et_pb_old_content":"","_et_gb_content_width":"","footnotes":""},"class_list":["post-71","page","type-page","status-publish","hentry"],"_links":{"self":[{"href":"https:\/\/dvs.mx\/site\/wp-json\/wp\/v2\/pages\/71","targetHints":{"allow":["GET"]}}],"collection":[{"href":"https:\/\/dvs.mx\/site\/wp-json\/wp\/v2\/pages"}],"about":[{"href":"https:\/\/dvs.mx\/site\/wp-json\/wp\/v2\/types\/page"}],"author":[{"embeddable":true,"href":"https:\/\/dvs.mx\/site\/wp-json\/wp\/v2\/users\/2"}],"replies":[{"embeddable":true,"href":"https:\/\/dvs.mx\/site\/wp-json\/wp\/v2\/comments?post=71"}],"version-history":[{"count":5,"href":"https:\/\/dvs.mx\/site\/wp-json\/wp\/v2\/pages\/71\/revisions"}],"predecessor-version":[{"id":475,"href":"https:\/\/dvs.mx\/site\/wp-json\/wp\/v2\/pages\/71\/revisions\/475"}],"wp:attachment":[{"href":"https:\/\/dvs.mx\/site\/wp-json\/wp\/v2\/media?parent=71"}],"curies":[{"name":"wp","href":"https:\/\/api.w.org\/{rel}","templated":true}]}}