{"id":441,"date":"2021-12-02T00:08:25","date_gmt":"2021-12-02T00:08:25","guid":{"rendered":"http:\/\/dvs.mx\/site\/?page_id=441"},"modified":"2021-12-02T15:58:06","modified_gmt":"2021-12-02T15:58:06","slug":"aviso-de-privacidad","status":"publish","type":"page","link":"https:\/\/dvs.mx\/site\/aviso-de-privacidad\/","title":{"rendered":"Aviso de Privacidad"},"content":{"rendered":"<p>[et_pb_section fb_built=\u00bb1&#8243; fullwidth=\u00bbon\u00bb admin_label=\u00bbHero Section\u00bb _builder_version=\u00bb3.22&#8243; global_colors_info=\u00bb{}\u00bb][et_pb_fullwidth_header subhead=\u00bbaviso de privacidad\u00bb background_overlay_color=\u00bbrgba(0,0,0,0.8)\u00bb content_max_width=\u00bb550px\u00bb _builder_version=\u00bb4.14.2&#8243; title_font=\u00bbPoppins|700||on|||||\u00bb title_text_color=\u00bb#edbb5f\u00bb title_font_size=\u00bb14px\u00bb title_letter_spacing=\u00bb2px\u00bb title_line_height=\u00bb1.4em\u00bb content_font=\u00bbPoppins||||||||\u00bb content_font_size=\u00bb16px\u00bb content_letter_spacing=\u00bb1px\u00bb content_line_height=\u00bb2em\u00bb subhead_font=\u00bbPoppins|700||on|||||\u00bb subhead_font_size=\u00bb48px\u00bb subhead_letter_spacing=\u00bb3px\u00bb subhead_line_height=\u00bb1.4em\u00bb background_color=\u00bbrgba(255, 255, 255, 0)\u00bb background_image=\u00bbhttps:\/\/dvs.mx\/site\/wp-content\/uploads\/2021\/12\/aviso.jpg\u00bb parallax=\u00bbon\u00bb parallax_method=\u00bbon\u00bb custom_button_one=\u00bbon\u00bb button_one_border_width=\u00bb1px\u00bb button_one_border_color=\u00bbrgba(255,255,255,0.3)\u00bb button_one_border_radius=\u00bb0px\u00bb button_one_letter_spacing=\u00bb1px\u00bb button_one_font=\u00bbSaira Extra Condensed|600||on|||||\u00bb button_one_icon=\u00bb&#x24;||divi||400&#8243; button_one_icon_color=\u00bb#edbb5f\u00bb custom_button_two=\u00bbon\u00bb button_two_border_width=\u00bb1px\u00bb button_two_border_color=\u00bbrgba(255,255,255,0.3)\u00bb button_two_border_radius=\u00bb0px\u00bb button_two_letter_spacing=\u00bb1px\u00bb button_two_font=\u00bbSaira Extra Condensed|600||on|||||\u00bb button_two_icon=\u00bb&#x24;||divi||400&#8243; button_two_icon_color=\u00bb#edbb5f\u00bb module_alignment=\u00bbright\u00bb custom_margin=\u00bb|||\u00bb custom_padding=\u00bb8%||260px|\u00bb custom_padding_tablet=\u00bb8%||130px||false|false\u00bb custom_padding_phone=\u00bb||80px||false|false\u00bb custom_padding_last_edited=\u00bbon|phone\u00bb hover_enabled=\u00bb0&#8243; button_one_text_color_hover=\u00bb#edbb5f\u00bb button_two_text_color_hover=\u00bb#edbb5f\u00bb button_one_bg_color_hover=\u00bbrgba(0,0,0,0)\u00bb button_two_bg_color_hover=\u00bbrgba(0,0,0,0)\u00bb global_colors_info=\u00bb{}\u00bb button_one_text_size__hover_enabled=\u00bboff\u00bb button_two_text_size__hover_enabled=\u00bboff\u00bb button_one_text_color__hover_enabled=\u00bbon\u00bb button_one_text_color__hover=\u00bb#edbb5f\u00bb button_two_text_color__hover_enabled=\u00bbon\u00bb button_two_text_color__hover=\u00bb#edbb5f\u00bb button_one_border_width__hover_enabled=\u00bboff\u00bb button_two_border_width__hover_enabled=\u00bboff\u00bb button_one_border_color__hover_enabled=\u00bboff\u00bb button_two_border_color__hover_enabled=\u00bboff\u00bb button_one_border_radius__hover_enabled=\u00bboff\u00bb button_two_border_radius__hover_enabled=\u00bboff\u00bb button_one_letter_spacing__hover_enabled=\u00bboff\u00bb button_two_letter_spacing__hover_enabled=\u00bboff\u00bb button_one_bg_color__hover_enabled=\u00bbon\u00bb button_one_bg_color__hover=\u00bbrgba(0,0,0,0)\u00bb button_two_bg_color__hover_enabled=\u00bbon\u00bb button_two_bg_color__hover=\u00bbrgba(0,0,0,0)\u00bb subhead_font_size_last_edited=\u00bbon|phone\u00bb subhead_font_size_phone=\u00bb30px\u00bb sticky_enabled=\u00bb0&#8243; subhead_font_size_tablet=\u00bb48px\u00bb]<\/p>\n<p>&nbsp;<\/p>\n<p>&nbsp;<\/p>\n<p>[\/et_pb_fullwidth_header][\/et_pb_section][et_pb_section fb_built=\u00bb1&#8243; admin_label=\u00bbAttributes\u00bb _builder_version=\u00bb3.22&#8243; custom_margin=\u00bb|||\u00bb custom_padding=\u00bb0px|0px|100px|0px\u00bb global_colors_info=\u00bb{}\u00bb][et_pb_row use_custom_gutter=\u00bbon\u00bb gutter_width=\u00bb1&#8243; _builder_version=\u00bb3.25&#8243; background_color=\u00bb#ffffff\u00bb max_width=\u00bb1440px\u00bb custom_margin=\u00bb|||\u00bb custom_padding=\u00bb27px|0px|0px|0px\u00bb box_shadow_style=\u00bbpreset3&#8243; box_shadow_vertical=\u00bb15px\u00bb box_shadow_blur=\u00bb80px\u00bb box_shadow_color=\u00bbrgba(0,0,0,0.15)\u00bb use_custom_width=\u00bbon\u00bb custom_width_px=\u00bb1440px\u00bb global_colors_info=\u00bb{}\u00bb][et_pb_column type=\u00bb4_4&#8243; _builder_version=\u00bb3.25&#8243; custom_padding=\u00bb|||\u00bb global_colors_info=\u00bb{}\u00bb custom_padding__hover=\u00bb|||\u00bb][et_pb_text _builder_version=\u00bb4.14.2&#8243; text_font=\u00bbPoppins||||||||\u00bb text_text_color=\u00bb#3D3D3D\u00bb header_font=\u00bb||||||||\u00bb header_3_font=\u00bbPoppins|600||on|||||\u00bb header_3_line_height=\u00bb1.4em\u00bb background_color=\u00bb#ffffff\u00bb custom_margin=\u00bb-100px|||\u00bb custom_padding=\u00bb60px|40px|60px|40px|true|true\u00bb custom_padding_tablet=\u00bb30px|30px|30px|30px|true|true\u00bb custom_padding_phone=\u00bb20px|20px|20px|20px|true|true\u00bb custom_padding_last_edited=\u00bbon|phone\u00bb hover_enabled=\u00bb0&#8243; border_color_all=\u00bbrgba(51,51,51,0.06)\u00bb border_width_right=\u00bb1px\u00bb border_width_left=\u00bb1px\u00bb locked=\u00bboff\u00bb global_colors_info=\u00bb{}\u00bb sticky_enabled=\u00bb0&#8243;]<\/p>\n<h3>Aviso de privacidad<\/h3>\n<p><span><strong>DVS de M\u00e9xico\u00a0<\/strong><\/span>se compromete a mantener discreci\u00f3n con toda aquella informaci\u00f3n confidencial, privada que sea remitida a la secci\u00f3n de contacto, y\/\u00f3 v\u00eda mail a todas las cuentas\u00a0 de este domino<span>\u00a0<\/span><span><a href=\"http:\/\/www.dvs.mx\/\">www.dvs.mx<\/a><\/span><span>\u00a0<\/span>\u00a0\u00a0ej.<span>\u00a0<\/span><span><a href=\"mailto:info@dvs.mx\">info@dvs.mx<\/a><\/span>,<span>\u00a0<\/span><span><a href=\"mailto:administracion@dvs.mx\">administracion@dvs.mx<\/a><\/span>, etc. \u00a0Ya sea por intercambio de correos y formulario electr\u00f3nico.<\/p>\n<p>Enti\u00e9ndase como informaci\u00f3n confidencial toda aquella que se refiera a los datos personales de los usuarios, clientes y\u00a0 empleados, cualquier forma de contacto e informaci\u00f3n sobre su caso en espec\u00edfico.<\/p>\n<p>Este Sitio respeta la confidencialidad de los datos relativos a usuarios, empleados de DVS, \u00a0visitantes y clientes incluyendo su identidad personal. \u00a0Los\u00a0 datos que se solicitan, \u00fanicamente\u00a0 son los necesarios\u00a0 para dise\u00f1ar los servicios, cotizaciones v\u00eda\u00a0 internet, proyectos, auditorias, evaluaciones, diagn\u00f3sticos, ventas, para expedir\u00a0 comprobantes fiscales, pagos, etc. Para que se hace: para validar\u00a0 la informaci\u00f3n sea\u00a0 legal &amp; veraz.<\/p>\n<p>Los propietarios de este sitio Web se comprometen a cumplir los requisitos legales de privacidad de la informaci\u00f3n electr\u00f3nica que se aplican en M\u00e9xico<\/p>\n<p>[\/et_pb_text][\/et_pb_column][\/et_pb_row][\/et_pb_section]<\/p>\n","protected":false},"excerpt":{"rendered":"<p>&nbsp; &nbsp;Aviso de privacidad DVS de M\u00e9xico\u00a0se compromete a mantener discreci\u00f3n con toda aquella informaci\u00f3n confidencial, privada que sea remitida a la secci\u00f3n de contacto, y\/\u00f3 v\u00eda mail a todas las cuentas\u00a0 de este domino\u00a0www.dvs.mx\u00a0\u00a0\u00a0ej.\u00a0info@dvs.mx,\u00a0administracion@dvs.mx, etc. \u00a0Ya sea por intercambio de correos y formulario electr\u00f3nico. Enti\u00e9ndase como informaci\u00f3n confidencial toda aquella que se refiera a [&hellip;]<\/p>\n","protected":false},"author":2,"featured_media":0,"parent":0,"menu_order":0,"comment_status":"closed","ping_status":"closed","template":"","meta":{"_et_pb_use_builder":"on","_et_pb_old_content":"","_et_gb_content_width":"","footnotes":""},"class_list":["post-441","page","type-page","status-publish","hentry"],"_links":{"self":[{"href":"https:\/\/dvs.mx\/site\/wp-json\/wp\/v2\/pages\/441","targetHints":{"allow":["GET"]}}],"collection":[{"href":"https:\/\/dvs.mx\/site\/wp-json\/wp\/v2\/pages"}],"about":[{"href":"https:\/\/dvs.mx\/site\/wp-json\/wp\/v2\/types\/page"}],"author":[{"embeddable":true,"href":"https:\/\/dvs.mx\/site\/wp-json\/wp\/v2\/users\/2"}],"replies":[{"embeddable":true,"href":"https:\/\/dvs.mx\/site\/wp-json\/wp\/v2\/comments?post=441"}],"version-history":[{"count":4,"href":"https:\/\/dvs.mx\/site\/wp-json\/wp\/v2\/pages\/441\/revisions"}],"predecessor-version":[{"id":468,"href":"https:\/\/dvs.mx\/site\/wp-json\/wp\/v2\/pages\/441\/revisions\/468"}],"wp:attachment":[{"href":"https:\/\/dvs.mx\/site\/wp-json\/wp\/v2\/media?parent=441"}],"curies":[{"name":"wp","href":"https:\/\/api.w.org\/{rel}","templated":true}]}}