{"id":186,"date":"2021-12-01T01:46:47","date_gmt":"2021-12-01T01:46:47","guid":{"rendered":"http:\/\/dvs.mx\/site\/?page_id=186"},"modified":"2021-12-02T15:55:34","modified_gmt":"2021-12-02T15:55:34","slug":"administracion-publica","status":"publish","type":"page","link":"https:\/\/dvs.mx\/site\/administracion-publica\/","title":{"rendered":"Administraci\u00f3n P\u00fablica"},"content":{"rendered":"<p>[et_pb_section fb_built=\u00bb1&#8243; fullwidth=\u00bbon\u00bb admin_label=\u00bbHero Section\u00bb _builder_version=\u00bb3.22&#8243; global_colors_info=\u00bb{}\u00bb][et_pb_fullwidth_header subhead=\u00bbadministraci\u00f3n p\u00fablica\u00bb background_overlay_color=\u00bbrgba(0,0,0,0.8)\u00bb content_max_width=\u00bb550px\u00bb _builder_version=\u00bb4.14.2&#8243; title_font=\u00bbPoppins|700||on|||||\u00bb title_text_color=\u00bb#edbb5f\u00bb title_font_size=\u00bb14px\u00bb title_letter_spacing=\u00bb2px\u00bb title_line_height=\u00bb1.4em\u00bb content_font=\u00bbPoppins||||||||\u00bb content_letter_spacing=\u00bb1px\u00bb content_line_height=\u00bb2em\u00bb subhead_font=\u00bbPoppins|700||on|||||\u00bb subhead_font_size=\u00bb48px\u00bb subhead_letter_spacing=\u00bb3px\u00bb subhead_line_height=\u00bb1.4em\u00bb background_color=\u00bbrgba(255, 255, 255, 0)\u00bb background_image=\u00bbhttps:\/\/dvs.mx\/site\/wp-content\/uploads\/2021\/12\/census-concept-photographed-in-an-urban-composition.jpg\u00bb parallax=\u00bbon\u00bb parallax_method=\u00bbon\u00bb custom_button_one=\u00bbon\u00bb button_one_border_width=\u00bb1px\u00bb button_one_border_color=\u00bbrgba(255,255,255,0.3)\u00bb button_one_border_radius=\u00bb0px\u00bb button_one_letter_spacing=\u00bb1px\u00bb button_one_font=\u00bbSaira Extra Condensed|600||on|||||\u00bb button_one_icon=\u00bb&#x24;||divi||400&#8243; button_one_icon_color=\u00bb#edbb5f\u00bb custom_button_two=\u00bbon\u00bb button_two_border_width=\u00bb1px\u00bb button_two_border_color=\u00bbrgba(255,255,255,0.3)\u00bb button_two_border_radius=\u00bb0px\u00bb button_two_letter_spacing=\u00bb1px\u00bb button_two_font=\u00bbSaira Extra Condensed|600||on|||||\u00bb button_two_icon=\u00bb&#x24;||divi||400&#8243; button_two_icon_color=\u00bb#edbb5f\u00bb module_alignment=\u00bbright\u00bb custom_margin=\u00bb|||\u00bb custom_padding=\u00bb8%||8%|\u00bb hover_enabled=\u00bb0&#8243; button_one_text_color_hover=\u00bb#edbb5f\u00bb button_two_text_color_hover=\u00bb#edbb5f\u00bb button_one_bg_color_hover=\u00bbrgba(0,0,0,0)\u00bb button_two_bg_color_hover=\u00bbrgba(0,0,0,0)\u00bb global_colors_info=\u00bb{}\u00bb button_one_text_size__hover_enabled=\u00bboff\u00bb button_two_text_size__hover_enabled=\u00bboff\u00bb button_one_text_color__hover_enabled=\u00bbon\u00bb button_one_text_color__hover=\u00bb#edbb5f\u00bb button_two_text_color__hover_enabled=\u00bbon\u00bb button_two_text_color__hover=\u00bb#edbb5f\u00bb button_one_border_width__hover_enabled=\u00bboff\u00bb button_two_border_width__hover_enabled=\u00bboff\u00bb button_one_border_color__hover_enabled=\u00bboff\u00bb button_two_border_color__hover_enabled=\u00bboff\u00bb button_one_border_radius__hover_enabled=\u00bboff\u00bb button_two_border_radius__hover_enabled=\u00bboff\u00bb button_one_letter_spacing__hover_enabled=\u00bboff\u00bb button_two_letter_spacing__hover_enabled=\u00bboff\u00bb button_one_bg_color__hover_enabled=\u00bbon\u00bb button_one_bg_color__hover=\u00bbrgba(0,0,0,0)\u00bb button_two_bg_color__hover_enabled=\u00bbon\u00bb button_two_bg_color__hover=\u00bbrgba(0,0,0,0)\u00bb subhead_font_size_last_edited=\u00bbon|phone\u00bb subhead_font_size_phone=\u00bb30px\u00bb content_text_color_last_edited=\u00bbon|phone\u00bb sticky_enabled=\u00bb0&#8243; subhead_font_size_tablet=\u00bb48px\u00bb]<\/p>\n<p><span>Encontramos soluciones a problemas de naturaleza social.<\/span><\/p>\n<p>[\/et_pb_fullwidth_header][\/et_pb_section][et_pb_section fb_built=\u00bb1&#8243; admin_label=\u00bbIntroduction\u00bb _builder_version=\u00bb3.22&#8243; custom_margin=\u00bb|||\u00bb custom_padding=\u00bb100px|0px|100px|0px\u00bb global_colors_info=\u00bb{}\u00bb][et_pb_row column_structure=\u00bb1_2,1_2&#8243; use_custom_gutter=\u00bbon\u00bb gutter_width=\u00bb4&#8243; _builder_version=\u00bb3.25&#8243; animation_style=\u00bbfade\u00bb global_colors_info=\u00bb{}\u00bb][et_pb_column type=\u00bb1_2&#8243; _builder_version=\u00bb3.25&#8243; custom_padding=\u00bb|||\u00bb global_colors_info=\u00bb{}\u00bb custom_padding__hover=\u00bb|||\u00bb][et_pb_text _builder_version=\u00bb4.14.2&#8243; text_font=\u00bb||||||||\u00bb header_font=\u00bb||||||||\u00bb header_2_font=\u00bbPoppins|700|||||||\u00bb header_2_font_size=\u00bb30px\u00bb header_2_letter_spacing=\u00bb1px\u00bb header_2_line_height=\u00bb1.4em\u00bb header_3_font=\u00bbPoppins|700||on|||||\u00bb header_3_text_color=\u00bb#DC272A\u00bb header_3_font_size=\u00bb14px\u00bb header_3_letter_spacing=\u00bb1px\u00bb header_3_line_height=\u00bb2em\u00bb hover_enabled=\u00bb0&#8243; global_colors_info=\u00bb{}\u00bb sticky_enabled=\u00bb0&#8243;]<\/p>\n<h3>Investigaci\u00f3n social<\/h3>\n<h2>Desarrollamos proyectos de investigaci\u00f3n del comportamiento humano.<\/h2>\n<p>[\/et_pb_text][et_pb_divider color=\u00bb#DC272A\u00bb divider_weight=\u00bb2px\u00bb _builder_version=\u00bb4.14.1&#8243; max_width=\u00bb60px\u00bb module_alignment=\u00bbleft\u00bb height=\u00bb2px\u00bb global_colors_info=\u00bb{}\u00bb][\/et_pb_divider][et_pb_text _builder_version=\u00bb4.14.2&#8243; text_font=\u00bbPoppins||||||||\u00bb text_font_size=\u00bb16px\u00bb text_letter_spacing=\u00bb1px\u00bb text_line_height=\u00bb2em\u00bb max_width=\u00bb550px\u00bb hover_enabled=\u00bb0&#8243; global_colors_info=\u00bb{}\u00bb sticky_enabled=\u00bb0&#8243; text_font_size_last_edited=\u00bbon|phone\u00bb text_font_size_phone=\u00bb14px\u00bb text_font_size_tablet=\u00bb16px\u00bb]<\/p>\n<p><span>El desarrollo de proyectos de investigaci\u00f3n del\u00a0<\/span><strong>comportamiento humano<\/strong><span>, administraci\u00f3n p\u00fablica, ambiente organizacional, antropolog\u00eda y otras ramas de las ciencias sociales. Todo proyecto desarrollado dentro de esta\u00a0 divisi\u00f3n tiene como objetivo encontrar soluciones a problemas de naturaleza social y plantear estrategias inteligentes que tengan como base el crecimiento del elemento humano e intelectual de toda organizaci\u00f3n. Busca principalmente conocer con detalle el panorama y la situaci\u00f3n social con la intenci\u00f3n de que toda propuesta de soluci\u00f3n est\u00e9 respaldada en un dato confiable y definir estrategias y planes\u00a0 de\u00a0 trabajo. Todo\u00a0 esta Investigaci\u00f3n\u00a0 a trav\u00e9s de\u00a0 soluciones\u00a0 en ambiente\u00a0 web\u00a0 &amp;\u00a0 dise\u00f1o de aplicaciones:<\/span><\/p>\n<ul>\n<li style=\"list-style-type: none;\">\n<ul>\n<li style=\"list-style-type: none;\">\n<ul>\n<li><span>Estudios de Mercado<\/span><\/li>\n<li><span>Satisfacci\u00f3n del cliente<\/span><\/li>\n<li><span>Estudios de Clima Laboral<\/span><\/li>\n<li><span>Desarrollo de encuestas y an\u00e1lisis de mercados<\/span><\/li>\n<li><span>Desarrollo y comunicaci\u00f3n organizacional<\/span><\/li>\n<li><span>Pol\u00edticas\u00a0 P\u00fablicas<\/span><\/li>\n<li><span>Gobernanza y\u00a0 Redes <\/span><span>Pol\u00edticas<\/span><\/li>\n<li><span>Imagen P\u00fablica<\/span><\/li>\n<\/ul>\n<\/li>\n<\/ul>\n<\/li>\n<\/ul>\n<p>[\/et_pb_text][\/et_pb_column][et_pb_column type=\u00bb1_2&#8243; _builder_version=\u00bb3.25&#8243; custom_padding=\u00bb|||\u00bb global_colors_info=\u00bb{}\u00bb custom_padding__hover=\u00bb|||\u00bb][et_pb_image src=\u00bbhttps:\/\/dvs.mx\/site\/wp-content\/uploads\/2021\/12\/demographic-census-concept-representation.jpg\u00bb title_text=\u00bbdemographic-census-concept-representation\u00bb align_tablet=\u00bbcenter\u00bb align_phone=\u00bbcenter\u00bb align_last_edited=\u00bbon|desktop\u00bb _builder_version=\u00bb4.14.1&#8243; animation_style=\u00bbfade\u00bb box_shadow_style=\u00bbpreset2&#8243; global_colors_info=\u00bb{}\u00bb][\/et_pb_image][\/et_pb_column][\/et_pb_row][\/et_pb_section]<\/p>\n","protected":false},"excerpt":{"rendered":"<p>Encontramos soluciones a problemas de naturaleza social.Investigaci\u00f3n social Desarrollamos proyectos de investigaci\u00f3n del comportamiento humano.El desarrollo de proyectos de investigaci\u00f3n del\u00a0comportamiento humano, administraci\u00f3n p\u00fablica, ambiente organizacional, antropolog\u00eda y otras ramas de las ciencias sociales. Todo proyecto desarrollado dentro de esta\u00a0 divisi\u00f3n tiene como objetivo encontrar soluciones a problemas de naturaleza social y plantear estrategias inteligentes [&hellip;]<\/p>\n","protected":false},"author":2,"featured_media":0,"parent":0,"menu_order":0,"comment_status":"closed","ping_status":"closed","template":"","meta":{"_et_pb_use_builder":"on","_et_pb_old_content":"","_et_gb_content_width":"","footnotes":""},"class_list":["post-186","page","type-page","status-publish","hentry"],"_links":{"self":[{"href":"https:\/\/dvs.mx\/site\/wp-json\/wp\/v2\/pages\/186","targetHints":{"allow":["GET"]}}],"collection":[{"href":"https:\/\/dvs.mx\/site\/wp-json\/wp\/v2\/pages"}],"about":[{"href":"https:\/\/dvs.mx\/site\/wp-json\/wp\/v2\/types\/page"}],"author":[{"embeddable":true,"href":"https:\/\/dvs.mx\/site\/wp-json\/wp\/v2\/users\/2"}],"replies":[{"embeddable":true,"href":"https:\/\/dvs.mx\/site\/wp-json\/wp\/v2\/comments?post=186"}],"version-history":[{"count":4,"href":"https:\/\/dvs.mx\/site\/wp-json\/wp\/v2\/pages\/186\/revisions"}],"predecessor-version":[{"id":467,"href":"https:\/\/dvs.mx\/site\/wp-json\/wp\/v2\/pages\/186\/revisions\/467"}],"wp:attachment":[{"href":"https:\/\/dvs.mx\/site\/wp-json\/wp\/v2\/media?parent=186"}],"curies":[{"name":"wp","href":"https:\/\/api.w.org\/{rel}","templated":true}]}}