{"id":142,"date":"2021-11-30T20:23:22","date_gmt":"2021-11-30T20:23:22","guid":{"rendered":"http:\/\/dvs.mx\/site\/?page_id=142"},"modified":"2021-12-02T17:23:37","modified_gmt":"2021-12-02T17:23:37","slug":"gestion-de-proyectos","status":"publish","type":"page","link":"https:\/\/dvs.mx\/site\/gestion-de-proyectos\/","title":{"rendered":"Gesti\u00f3n de Proyectos"},"content":{"rendered":"<p>[et_pb_section fb_built=\u00bb1&#8243; fullwidth=\u00bbon\u00bb admin_label=\u00bbHero Section\u00bb _builder_version=\u00bb3.22&#8243; global_colors_info=\u00bb{}\u00bb][et_pb_fullwidth_header title=\u00bbgesti\u00f3n de proyectos\u00bb subhead=\u00bbMetodolog\u00eda implementada por DVS\u00bb text_orientation=\u00bbright\u00bb background_overlay_color=\u00bbrgba(0,0,0,0.8)\u00bb content_max_width=\u00bb550px\u00bb _builder_version=\u00bb4.14.2&#8243; title_font=\u00bbPoppins|700||on|||||\u00bb title_text_color=\u00bb#DC272A\u00bb title_font_size=\u00bb14px\u00bb title_letter_spacing=\u00bb2px\u00bb title_line_height=\u00bb1.8em\u00bb subhead_font=\u00bbPoppins|700||on|||||\u00bb subhead_font_size=\u00bb48px\u00bb subhead_line_height=\u00bb1.4em\u00bb background_color=\u00bbrgba(255, 255, 255, 0)\u00bb background_image=\u00bbhttps:\/\/dvs.mx\/site\/wp-content\/uploads\/2021\/11\/top-view-of-manager-woman-analyzing-financial-paperwork-strategy-typing-expertise-on-laptop.jpg\u00bb parallax=\u00bbon\u00bb parallax_method=\u00bbon\u00bb custom_button_one=\u00bbon\u00bb button_one_border_width=\u00bb1px\u00bb button_one_border_color=\u00bbrgba(255,255,255,0.3)\u00bb button_one_border_radius=\u00bb0px\u00bb button_one_letter_spacing=\u00bb1px\u00bb button_one_font=\u00bbSaira Extra Condensed|600||on|||||\u00bb button_one_icon=\u00bb&#x24;||divi||400&#8243; button_one_icon_color=\u00bb#edbb5f\u00bb custom_button_two=\u00bbon\u00bb button_two_border_width=\u00bb1px\u00bb button_two_border_color=\u00bbrgba(255,255,255,0.3)\u00bb button_two_border_radius=\u00bb0px\u00bb button_two_letter_spacing=\u00bb1px\u00bb button_two_font=\u00bbSaira Extra Condensed|600||on|||||\u00bb button_two_icon=\u00bb&#x24;||divi||400&#8243; button_two_icon_color=\u00bb#edbb5f\u00bb module_alignment=\u00bbright\u00bb custom_margin=\u00bb|||\u00bb custom_padding=\u00bb8%||260px|\u00bb hover_enabled=\u00bb0&#8243; button_one_text_color_hover=\u00bb#edbb5f\u00bb button_two_text_color_hover=\u00bb#edbb5f\u00bb button_one_bg_color_hover=\u00bbrgba(0,0,0,0)\u00bb button_two_bg_color_hover=\u00bbrgba(0,0,0,0)\u00bb global_colors_info=\u00bb{}\u00bb button_one_text_size__hover_enabled=\u00bboff\u00bb button_two_text_size__hover_enabled=\u00bboff\u00bb button_one_text_color__hover_enabled=\u00bbon\u00bb button_one_text_color__hover=\u00bb#edbb5f\u00bb button_two_text_color__hover_enabled=\u00bbon\u00bb button_two_text_color__hover=\u00bb#edbb5f\u00bb button_one_border_width__hover_enabled=\u00bboff\u00bb button_two_border_width__hover_enabled=\u00bboff\u00bb button_one_border_color__hover_enabled=\u00bboff\u00bb button_two_border_color__hover_enabled=\u00bboff\u00bb button_one_border_radius__hover_enabled=\u00bboff\u00bb button_two_border_radius__hover_enabled=\u00bboff\u00bb button_one_letter_spacing__hover_enabled=\u00bboff\u00bb button_two_letter_spacing__hover_enabled=\u00bboff\u00bb button_one_bg_color__hover_enabled=\u00bbon\u00bb button_one_bg_color__hover=\u00bbrgba(0,0,0,0)\u00bb button_two_bg_color__hover_enabled=\u00bbon\u00bb button_two_bg_color__hover=\u00bbrgba(0,0,0,0)\u00bb subhead_font_size_last_edited=\u00bbon|phone\u00bb subhead_font_size_phone=\u00bb30px\u00bb title_font_size_last_edited=\u00bbon|phone\u00bb title_font_size_phone=\u00bb12px\u00bb sticky_enabled=\u00bb0&#8243; subhead_font_size_tablet=\u00bb48px\u00bb title_font_size_tablet=\u00bb14px\u00bb][\/et_pb_fullwidth_header][\/et_pb_section][et_pb_section fb_built=\u00bb1&#8243; admin_label=\u00bbFree Consultation\u00bb _builder_version=\u00bb3.22&#8243; custom_padding=\u00bb0px|0px|100px|0px\u00bb global_colors_info=\u00bb{}\u00bb][et_pb_row column_structure=\u00bb1_2,1_2&#8243; _builder_version=\u00bb3.25&#8243; custom_padding=\u00bb|||\u00bb global_colors_info=\u00bb{}\u00bb][et_pb_column type=\u00bb1_2&#8243; _builder_version=\u00bb3.25&#8243; custom_padding=\u00bb|||\u00bb global_colors_info=\u00bb{}\u00bb custom_padding__hover=\u00bb|||\u00bb][et_pb_cta title=\u00bb\u00a1alcanza tus objetivos!\u00bb button_url=\u00bb@ET-DC@eyJkeW5hbWljIjp0cnVlLCJjb250ZW50IjoicG9zdF9saW5rX3VybF9wYWdlIiwic2V0dGluZ3MiOnsicG9zdF9pZCI6IjMwOSJ9fQ==@\u00bb button_text=\u00bbempezar\u00bb _builder_version=\u00bb4.14.2&#8243; _dynamic_attributes=\u00bbbutton_url\u00bb header_font=\u00bbPoppins|700||on|||||\u00bb header_text_color=\u00bb#DC272A\u00bb header_font_size=\u00bb14px\u00bb header_letter_spacing=\u00bb2px\u00bb header_line_height=\u00bb2em\u00bb body_font=\u00bbPoppins|700||on|||||\u00bb body_text_color=\u00bb#000000&#8243; body_font_size=\u00bb38px\u00bb body_line_height=\u00bb1.4em\u00bb background_color=\u00bb#ffffff\u00bb custom_button=\u00bbon\u00bb button_text_color=\u00bb#ffffff\u00bb button_bg_color=\u00bb#911A1D\u00bb button_border_width=\u00bb0px\u00bb button_border_radius=\u00bb0px\u00bb button_letter_spacing=\u00bb1px\u00bb button_font=\u00bbPoppins|600||on|||||\u00bb button_use_icon=\u00bboff\u00bb custom_margin=\u00bb-200px|||\u00bb custom_padding=\u00bb10%||10%|\u00bb animation_style=\u00bbflip\u00bb animation_direction=\u00bbleft\u00bb animation_starting_opacity=\u00bb100%\u00bb hover_enabled=\u00bb0&#8243; box_shadow_style=\u00bbpreset3&#8243; box_shadow_vertical=\u00bb15px\u00bb box_shadow_blur=\u00bb80px\u00bb box_shadow_color=\u00bbrgba(0,0,0,0.2)\u00bb button_border_radius_hover=\u00bb1px\u00bb locked=\u00bboff\u00bb global_colors_info=\u00bb{}\u00bb button_text_size__hover_enabled=\u00bboff\u00bb button_one_text_size__hover_enabled=\u00bboff\u00bb button_two_text_size__hover_enabled=\u00bboff\u00bb button_text_color__hover_enabled=\u00bboff\u00bb button_one_text_color__hover_enabled=\u00bboff\u00bb button_two_text_color__hover_enabled=\u00bboff\u00bb button_border_width__hover_enabled=\u00bboff\u00bb button_one_border_width__hover_enabled=\u00bboff\u00bb button_two_border_width__hover_enabled=\u00bboff\u00bb button_border_color__hover_enabled=\u00bboff\u00bb button_one_border_color__hover_enabled=\u00bboff\u00bb button_two_border_color__hover_enabled=\u00bboff\u00bb button_border_radius__hover_enabled=\u00bbon\u00bb button_border_radius__hover=\u00bb1px\u00bb button_one_border_radius__hover_enabled=\u00bboff\u00bb button_two_border_radius__hover_enabled=\u00bboff\u00bb button_letter_spacing__hover_enabled=\u00bboff\u00bb button_one_letter_spacing__hover_enabled=\u00bboff\u00bb button_two_letter_spacing__hover_enabled=\u00bboff\u00bb button_bg_color__hover_enabled=\u00bboff\u00bb button_one_bg_color__hover_enabled=\u00bboff\u00bb button_two_bg_color__hover_enabled=\u00bboff\u00bb body_font_size_last_edited=\u00bbon|phone\u00bb body_font_size_phone=\u00bb30px\u00bb header_font_size_last_edited=\u00bbon|phone\u00bb header_font_size_phone=\u00bb12px\u00bb button_text_size_last_edited=\u00bbon|phone\u00bb button_text_size_phone=\u00bb16px\u00bb sticky_enabled=\u00bb0&#8243; body_font_size_tablet=\u00bb38px\u00bb header_font_size_tablet=\u00bb14px\u00bb]<\/p>\n<p>solicita una consultor\u00eda<\/p>\n<p>[\/et_pb_cta][\/et_pb_column][et_pb_column type=\u00bb1_2&#8243; _builder_version=\u00bb3.25&#8243; custom_padding=\u00bb|||\u00bb global_colors_info=\u00bb{}\u00bb custom_padding__hover=\u00bb|||\u00bb][\/et_pb_column][\/et_pb_row][\/et_pb_section][et_pb_section fb_built=\u00bb1&#8243; admin_label=\u00bbFeature &#8211; Image Left\u00bb _builder_version=\u00bb4.14.2&#8243; custom_margin=\u00bb|||\u00bb custom_padding=\u00bb100px|0px|100px|0px\u00bb hover_enabled=\u00bb0&#8243; global_colors_info=\u00bb{}\u00bb custom_padding_last_edited=\u00bbon|phone\u00bb custom_padding_phone=\u00bb0px|0px|0px|0px|true|false\u00bb sticky_enabled=\u00bb0&#8243; custom_padding_tablet=\u00bb100px|0px|100px|0px\u00bb][et_pb_row column_structure=\u00bb1_2,1_2&#8243; use_custom_gutter=\u00bbon\u00bb gutter_width=\u00bb4&#8243; _builder_version=\u00bb3.25&#8243; animation_style=\u00bbfade\u00bb hover_enabled=\u00bb0&#8243; global_colors_info=\u00bb{}\u00bb sticky_enabled=\u00bb0&#8243;][et_pb_column type=\u00bb1_2&#8243; _builder_version=\u00bb3.25&#8243; custom_padding=\u00bb|||\u00bb global_colors_info=\u00bb{}\u00bb custom_padding__hover=\u00bb|||\u00bb][et_pb_image src=\u00bbhttps:\/\/dvs.mx\/site\/wp-content\/uploads\/2021\/11\/brunette-administrator-of-restaurant-at-her-working-place-is-getting-latte.jpg\u00bb title_text=\u00bbbrunette-administrator-of-restaurant-at-her-working-place-is-getting-latte\u00bb align_tablet=\u00bbcenter\u00bb align_phone=\u00bbcenter\u00bb align_last_edited=\u00bbon|desktop\u00bb _builder_version=\u00bb4.14.1&#8243; animation_style=\u00bbfade\u00bb box_shadow_style=\u00bbpreset4&#8243; box_shadow_horizontal=\u00bb-80px\u00bb box_shadow_vertical=\u00bb50px\u00bb box_shadow_color=\u00bbrgba(12,12,12,0.03)\u00bb global_colors_info=\u00bb{}\u00bb][\/et_pb_image][\/et_pb_column][et_pb_column type=\u00bb1_2&#8243; _builder_version=\u00bb3.25&#8243; custom_padding=\u00bb5%|||\u00bb global_colors_info=\u00bb{}\u00bb custom_padding__hover=\u00bb|||\u00bb][et_pb_text _builder_version=\u00bb4.14.2&#8243; text_font=\u00bb||||||||\u00bb header_font=\u00bb||||||||\u00bb header_2_font=\u00bbPoppins|700|||||||\u00bb header_2_font_size=\u00bb38px\u00bb header_2_letter_spacing=\u00bb1px\u00bb header_2_line_height=\u00bb1.4em\u00bb header_3_font=\u00bbPoppins|700||on|||||\u00bb header_3_text_color=\u00bb#DC272A\u00bb header_3_font_size=\u00bb14px\u00bb header_3_letter_spacing=\u00bb1px\u00bb header_3_line_height=\u00bb2em\u00bb hover_enabled=\u00bb0&#8243; global_colors_info=\u00bb{}\u00bb header_2_font_size_last_edited=\u00bbon|phone\u00bb header_2_font_size_phone=\u00bb30px\u00bb header_3_font_size_last_edited=\u00bbon|phone\u00bb header_3_font_size_phone=\u00bb12px\u00bb sticky_enabled=\u00bb0&#8243; custom_margin=\u00bb||||false|false\u00bb custom_margin_last_edited=\u00bbon|phone\u00bb custom_margin_phone=\u00bb5px||||false|false\u00bb header_2_font_size_tablet=\u00bb38px\u00bb header_3_font_size_tablet=\u00bb14px\u00bb custom_margin_tablet=\u00bb||||false|false\u00bb]<\/p>\n<h3>Proyect Management<\/h3>\n<h2>Optimiza Tu Negocio y Objetivos Comerciales<\/h2>\n<p>[\/et_pb_text][et_pb_divider color=\u00bb#DC272A\u00bb divider_weight=\u00bb2px\u00bb _builder_version=\u00bb4.14.1&#8243; max_width=\u00bb60px\u00bb module_alignment=\u00bbleft\u00bb height=\u00bb2px\u00bb global_colors_info=\u00bb{}\u00bb][\/et_pb_divider][et_pb_text _builder_version=\u00bb4.14.2&#8243; text_font=\u00bbPoppins||||||||\u00bb text_font_size=\u00bb16px\u00bb text_letter_spacing=\u00bb1px\u00bb text_line_height=\u00bb2em\u00bb max_width=\u00bb550px\u00bb hover_enabled=\u00bb0&#8243; global_colors_info=\u00bb{}\u00bb text_font_size_last_edited=\u00bbon|phone\u00bb text_font_size_phone=\u00bb14px\u00bb sticky_enabled=\u00bb0&#8243; text_font_size_tablet=\u00bb16px\u00bb]<\/p>\n<p>Metodolog\u00eda implementada por DVS para el planeamiento, la organizaci\u00f3n, la motivaci\u00f3n y el control de los recursos con el prop\u00f3sito de alcanzar uno o varios objetivos.<\/p>\n<p>Un proyecto\u00a0es un programa dise\u00f1ado para producir un \u00fanico producto, servicio o resultado con un principio y un final definido (normalmente limitado en tiempo, y en costos \u00f3 entregables), que es emprendido para alcanzar objetivos \u00fanicos,\u00a0y que dar\u00e1 lugar a un cambio positivo y agregar\u00e1 valor.<\/p>\n<p>[\/et_pb_text][\/et_pb_column][\/et_pb_row][\/et_pb_section][et_pb_section fb_built=\u00bb1&#8243; admin_label=\u00bbFeature &#8211; Image Right\u00bb _builder_version=\u00bb4.14.2&#8243; custom_margin=\u00bb|10px|||false|false\u00bb custom_padding=\u00bb100px||100px||true|false\u00bb hover_enabled=\u00bb0&#8243; global_colors_info=\u00bb{}\u00bb sticky_enabled=\u00bb0&#8243; custom_padding_last_edited=\u00bbon|desktop\u00bb custom_padding_phone=\u00bb100px||50px||false|false\u00bb custom_padding_tablet=\u00bb100px||100px||true|false\u00bb][et_pb_row column_structure=\u00bb1_2,1_2&#8243; _builder_version=\u00bb3.25&#8243; width=\u00bb90%\u00bb max_width=\u00bb90%\u00bb module_alignment=\u00bbright\u00bb custom_margin=\u00bb|||\u00bb animation_style=\u00bbfade\u00bb use_custom_width=\u00bbon\u00bb width_unit=\u00bboff\u00bb custom_width_percent=\u00bb90%\u00bb global_colors_info=\u00bb{}\u00bb][et_pb_column type=\u00bb1_2&#8243; _builder_version=\u00bb3.25&#8243; custom_padding=\u00bb||140px|6%\u00bb global_colors_info=\u00bb{}\u00bb custom_padding__hover=\u00bb|||\u00bb][et_pb_text _builder_version=\u00bb4.14.2&#8243; text_font=\u00bb||||||||\u00bb header_font=\u00bb||||||||\u00bb header_2_font=\u00bbPoppins|700|||||||\u00bb header_2_font_size=\u00bb38px\u00bb header_2_letter_spacing=\u00bb1px\u00bb header_2_line_height=\u00bb1.4em\u00bb header_3_font=\u00bbPoppins|700||on|||||\u00bb header_3_text_color=\u00bb#DC272A\u00bb header_3_font_size=\u00bb14px\u00bb header_3_letter_spacing=\u00bb1px\u00bb header_3_line_height=\u00bb2em\u00bb max_width=\u00bb550px\u00bb hover_enabled=\u00bb0&#8243; global_colors_info=\u00bb{}\u00bb header_2_font_size_last_edited=\u00bbon|phone\u00bb header_2_font_size_phone=\u00bb30px\u00bb header_3_font_size_last_edited=\u00bbon|phone\u00bb header_3_font_size_phone=\u00bb12px\u00bb sticky_enabled=\u00bb0&#8243; header_2_font_size_tablet=\u00bb38px\u00bb header_3_font_size_tablet=\u00bb14px\u00bb]<\/p>\n<h3>Gesti\u00f3n de proyectos<\/h3>\n<h2>Servicios en Asesor\u00eda<br \/>Empresarial &amp; Industrial<\/h2>\n<p>[\/et_pb_text][et_pb_divider color=\u00bb#DC272A\u00bb divider_weight=\u00bb2px\u00bb _builder_version=\u00bb4.14.1&#8243; max_width=\u00bb60px\u00bb module_alignment=\u00bbleft\u00bb height=\u00bb2px\u00bb global_colors_info=\u00bb{}\u00bb][\/et_pb_divider][et_pb_text _builder_version=\u00bb4.14.2&#8243; text_font=\u00bbPoppins||||||||\u00bb text_font_size=\u00bb16px\u00bb text_letter_spacing=\u00bb1px\u00bb text_line_height=\u00bb2em\u00bb max_width=\u00bb550px\u00bb hover_enabled=\u00bb0&#8243; global_colors_info=\u00bb{}\u00bb text_font_size_last_edited=\u00bbon|phone\u00bb text_font_size_phone=\u00bb14px\u00bb sticky_enabled=\u00bb0&#8243; text_font_size_tablet=\u00bb16px\u00bb]<\/p>\n<p>Entre las soluciones que ofrecemos encontramos: Reclutamiento y Selecci\u00f3n, Capacitaci\u00f3n, Desarrollo de Competencias, Plan de Motivaci\u00f3n, Metodolog\u00eda On Job Training- OJT, Gesti\u00f3n y Control de N\u00f3minas.<\/p>\n<p>Se debe de orientar a los resultados esperados en tiempo, costo y calidad, administrar exitosamente los proyectos cumpliendo los requisitos del cliente, organizar y capacitar al equipo de trabajo y administrar eficientemente los recursos.<\/p>\n<p>[\/et_pb_text][\/et_pb_column][et_pb_column type=\u00bb1_2&#8243; _builder_version=\u00bb3.25&#8243; custom_padding=\u00bb|||\u00bb global_colors_info=\u00bb{}\u00bb custom_padding__hover=\u00bb|||\u00bb][et_pb_image src=\u00bbhttps:\/\/dvs.mx\/site\/wp-content\/uploads\/2021\/11\/img20.jpg\u00bb show_bottom_space=\u00bboff\u00bb force_fullwidth=\u00bbon\u00bb align_tablet=\u00bbcenter\u00bb align_phone=\u00bbcenter\u00bb align_last_edited=\u00bbon|desktop\u00bb _builder_version=\u00bb3.23&#8243; animation_style=\u00bbfade\u00bb box_shadow_style=\u00bbpreset4&#8243; box_shadow_horizontal=\u00bb80px\u00bb box_shadow_vertical=\u00bb-50px\u00bb box_shadow_color=\u00bbrgba(12,12,12,0.03)\u00bb global_colors_info=\u00bb{}\u00bb][\/et_pb_image][\/et_pb_column][\/et_pb_row][\/et_pb_section][et_pb_section fb_built=\u00bb1&#8243; admin_label=\u00bbWhat We Do\u00bb _builder_version=\u00bb3.22&#8243; background_color=\u00bb#2f2f2f\u00bb custom_margin=\u00bb|||\u00bb custom_padding=\u00bb0px|0px|100px|0px\u00bb global_colors_info=\u00bb{}\u00bb][et_pb_row column_structure=\u00bb1_2,1_2&#8243; use_custom_gutter=\u00bbon\u00bb gutter_width=\u00bb0&#8243; _builder_version=\u00bb3.25&#8243; custom_padding=\u00bb0px|0px|0px|0px\u00bb global_colors_info=\u00bb{}\u00bb][et_pb_column type=\u00bb1_2&#8243; _builder_version=\u00bb3.25&#8243; custom_padding=\u00bb|||\u00bb global_colors_info=\u00bb{}\u00bb custom_padding__hover=\u00bb|||\u00bb][et_pb_cta title=\u00bbsomos expertos\u00bb button_url=\u00bb@ET-DC@eyJkeW5hbWljIjp0cnVlLCJjb250ZW50IjoicG9zdF9saW5rX3VybF9wYWdlIiwic2V0dGluZ3MiOnsicG9zdF9pZCI6IjM3MSJ9fQ==@\u00bb button_text=\u00bbEmpieza ya\u00bb _builder_version=\u00bb4.14.2&#8243; _dynamic_attributes=\u00bbbutton_url\u00bb header_font=\u00bbPoppins|700||on|||||\u00bb header_font_size=\u00bb14px\u00bb header_letter_spacing=\u00bb2px\u00bb header_line_height=\u00bb2em\u00bb body_font=\u00bbPoppins|700||on|||||\u00bb body_font_size=\u00bb38px\u00bb body_line_height=\u00bb1.4em\u00bb background_color=\u00bb#911A1D\u00bb custom_button=\u00bbon\u00bb button_text_size=\u00bb20px\u00bb button_text_color=\u00bb#911A1D\u00bb button_bg_color=\u00bb#ffffff\u00bb button_border_width=\u00bb0px\u00bb button_border_radius=\u00bb0px\u00bb button_letter_spacing=\u00bb1px\u00bb button_font=\u00bbPoppins|600||on|||||\u00bb button_icon=\u00bb&#x24;||divi||400&#8243; custom_margin=\u00bb-100px|||\u00bb custom_padding=\u00bb60px||60px|\u00bb animation_style=\u00bbslide\u00bb animation_direction=\u00bbbottom\u00bb animation_intensity_slide=\u00bb10%\u00bb animation_starting_opacity=\u00bb100%\u00bb hover_enabled=\u00bb0&#8243; box_shadow_style=\u00bbpreset3&#8243; box_shadow_vertical=\u00bb15px\u00bb box_shadow_blur=\u00bb80px\u00bb box_shadow_color=\u00bbrgba(0,0,0,0.15)\u00bb button_border_radius_hover=\u00bb1px\u00bb locked=\u00bboff\u00bb global_colors_info=\u00bb{}\u00bb button_text_size__hover_enabled=\u00bboff\u00bb button_one_text_size__hover_enabled=\u00bboff\u00bb button_two_text_size__hover_enabled=\u00bboff\u00bb button_text_color__hover_enabled=\u00bboff\u00bb button_one_text_color__hover_enabled=\u00bboff\u00bb button_two_text_color__hover_enabled=\u00bboff\u00bb button_border_width__hover_enabled=\u00bboff\u00bb button_one_border_width__hover_enabled=\u00bboff\u00bb button_two_border_width__hover_enabled=\u00bboff\u00bb button_border_color__hover_enabled=\u00bboff\u00bb button_one_border_color__hover_enabled=\u00bboff\u00bb button_two_border_color__hover_enabled=\u00bboff\u00bb button_border_radius__hover_enabled=\u00bbon\u00bb button_border_radius__hover=\u00bb1px\u00bb button_one_border_radius__hover_enabled=\u00bboff\u00bb button_two_border_radius__hover_enabled=\u00bboff\u00bb button_letter_spacing__hover_enabled=\u00bboff\u00bb button_one_letter_spacing__hover_enabled=\u00bboff\u00bb button_two_letter_spacing__hover_enabled=\u00bboff\u00bb button_bg_color__hover_enabled=\u00bboff\u00bb button_one_bg_color__hover_enabled=\u00bboff\u00bb button_two_bg_color__hover_enabled=\u00bboff\u00bb body_font_size_last_edited=\u00bbon|phone\u00bb body_font_size_phone=\u00bb30px\u00bb header_font_size_last_edited=\u00bbon|phone\u00bb header_font_size_phone=\u00bb12px\u00bb button_text_size_last_edited=\u00bbon|phone\u00bb button_text_size_phone=\u00bb16px\u00bb sticky_enabled=\u00bb0&#8243; body_font_size_tablet=\u00bb38px\u00bb header_font_size_tablet=\u00bb14px\u00bb button_text_size_tablet=\u00bb20px\u00bb]<\/p>\n<p>Podemos Agregar Valor a tu negocio. Solicita una cotizaci\u00f3n<\/p>\n<p>[\/et_pb_cta][\/et_pb_column][et_pb_column type=\u00bb1_2&#8243; _builder_version=\u00bb3.25&#8243; background_color_gradient_start=\u00bbrgba(255,255,255,0)\u00bb background_color_gradient_end=\u00bb#282828&#8243; custom_padding=\u00bb|||\u00bb global_colors_info=\u00bb{}\u00bb custom_padding__hover=\u00bb|||\u00bb][et_pb_text _builder_version=\u00bb4.14.2&#8243; text_font=\u00bbPoppins|600||on|||||\u00bb text_font_size=\u00bb15px\u00bb text_line_height=\u00bb2em\u00bb ul_font=\u00bb||||||||\u00bb header_3_font=\u00bbPoppins|600|||||||\u00bb header_3_text_align=\u00bbleft\u00bb header_3_text_color=\u00bb#DC272A\u00bb header_3_font_size=\u00bb21px\u00bb background_color=\u00bb#3d3d3d\u00bb background_layout=\u00bbdark\u00bb custom_margin=\u00bb-50px|||\u00bb custom_padding=\u00bb60px|60px|80px|60px\u00bb animation_style=\u00bbslide\u00bb animation_direction=\u00bbtop\u00bb animation_duration=\u00bb1500ms\u00bb animation_intensity_slide=\u00bb10%\u00bb animation_starting_opacity=\u00bb100%\u00bb hover_enabled=\u00bb0&#8243; box_shadow_style=\u00bbpreset3&#8243; box_shadow_vertical=\u00bb15px\u00bb box_shadow_blur=\u00bb80px\u00bb box_shadow_color=\u00bbrgba(0,0,0,0.15)\u00bb global_colors_info=\u00bb{}\u00bb header_3_font_size_last_edited=\u00bbon|phone\u00bb header_3_font_size_phone=\u00bb16px\u00bb text_font_size_last_edited=\u00bbon|phone\u00bb text_font_size_phone=\u00bb14px\u00bb sticky_enabled=\u00bb0&#8243; header_3_font_size_tablet=\u00bb21px\u00bb text_font_size_tablet=\u00bb15px\u00bb]<\/p>\n<h3>Proyectos Realizados por DVS<\/h3>\n<p>&nbsp;<\/p>\n<p><span>Proyectos Administraci\u00f3n\u00a0 de Cambios de Revisi\u00f3n<\/span><\/p>\n<p><span>Proyectos de Nuevos Lanzamientos<\/span><\/p>\n<p><span>Proyectos de ahorro de costos<\/span><\/p>\n<p><span>Proyectos de Manejo de Producto No Conforme<\/span><\/p>\n<p><span>Proyectos de \u00a0\u00a0Re-Localizaci\u00f3n de Proveedores<\/span><\/p>\n<p><span>Proyectos de Mejora Continua<\/span><\/p>\n<p><span>Proyectos de Gobierno<\/span><\/p>\n<p><span>Proyectos Ambientales<\/span><\/p>\n<p><span>Desarrollo de Nuevos proveedores<\/span><\/p>\n<p>[\/et_pb_text][\/et_pb_column][\/et_pb_row][\/et_pb_section]<\/p>\n","protected":false},"excerpt":{"rendered":"<p>solicita una consultor\u00edaProyect Management Optimiza Tu Negocio y Objetivos ComercialesMetodolog\u00eda implementada por DVS para el planeamiento, la organizaci\u00f3n, la motivaci\u00f3n y el control de los recursos con el prop\u00f3sito de alcanzar uno o varios objetivos. Un proyecto\u00a0es un programa dise\u00f1ado para producir un \u00fanico producto, servicio o resultado con un principio y un final definido [&hellip;]<\/p>\n","protected":false},"author":2,"featured_media":0,"parent":0,"menu_order":0,"comment_status":"closed","ping_status":"closed","template":"","meta":{"_et_pb_use_builder":"on","_et_pb_old_content":"","_et_gb_content_width":"","footnotes":""},"class_list":["post-142","page","type-page","status-publish","hentry"],"_links":{"self":[{"href":"https:\/\/dvs.mx\/site\/wp-json\/wp\/v2\/pages\/142","targetHints":{"allow":["GET"]}}],"collection":[{"href":"https:\/\/dvs.mx\/site\/wp-json\/wp\/v2\/pages"}],"about":[{"href":"https:\/\/dvs.mx\/site\/wp-json\/wp\/v2\/types\/page"}],"author":[{"embeddable":true,"href":"https:\/\/dvs.mx\/site\/wp-json\/wp\/v2\/users\/2"}],"replies":[{"embeddable":true,"href":"https:\/\/dvs.mx\/site\/wp-json\/wp\/v2\/comments?post=142"}],"version-history":[{"count":15,"href":"https:\/\/dvs.mx\/site\/wp-json\/wp\/v2\/pages\/142\/revisions"}],"predecessor-version":[{"id":500,"href":"https:\/\/dvs.mx\/site\/wp-json\/wp\/v2\/pages\/142\/revisions\/500"}],"wp:attachment":[{"href":"https:\/\/dvs.mx\/site\/wp-json\/wp\/v2\/media?parent=142"}],"curies":[{"name":"wp","href":"https:\/\/api.w.org\/{rel}","templated":true}]}}